{"id":6067,"date":"2021-12-20T11:43:40","date_gmt":"2021-12-20T10:43:40","guid":{"rendered":"https:\/\/eurogames-ecommerce.jumpgroup.it\/?page_id=6067"},"modified":"2022-04-11T18:28:09","modified_gmt":"2022-04-11T16:28:09","slug":"privacy-policy","status":"publish","type":"page","link":"https:\/\/eurogames.it\/it\/privacy-policy\/","title":{"rendered":"Privacy Policy"},"content":{"rendered":"<p><span style=\"font-weight: 400;\">Gentile Utente, il Regolamento Europeo in materia di protezione dei dati personali (RGDP) all\u2019art 13, comma 1, impone l\u2019obbligo di informare l\u2019utente, in caso di raccolta diretta<\/span> <span style=\"font-weight: 400;\">dei suoi dati, sugli elementi fondamentali del trattamento, specificandoli al \u00a7 1, lett. a\/f. Pertanto la si informa che:<\/span><\/p>\n<p><b>TITOLARE DEL TRATTAMENTO<\/b><\/p>\n<p><span style=\"font-weight: 400;\">Titolare del trattamento \u00e8 <\/span><b>EUROGAMES S.R.L.<\/b><span style=\"font-weight: 400;\">, sita in Forl\u00ec Via Degli Scavi 41,\u00a0<\/span><\/p>\n<p><b>PEC:\u00a0 <\/b><a href=\"mailto:info@pec.eurogames.it\"><span style=\"font-weight: 400;\">info@pec.eurogames.it<\/span><\/a><span style=\"font-weight: 400;\">\u00a0 <\/span><span style=\"font-weight: 400;\">\u00a0<\/span><b>EMAIL: <\/b><a href=\"mailto:info@eurogames.it\"><span style=\"font-weight: 400;\">info@eurogames.it<\/span><\/a><b> TEL: <\/b><a href=\"tel:+390543796665\"><span style=\"font-weight: 400;\">0543796665<\/span><\/a><\/p>\n<p>&nbsp;<\/p>\n<p><b>MODALIT\u00c0 DI TRATTAMENTO DEI DATI:<\/b><\/p>\n<p><span style=\"font-weight: 400;\">i dati personali da Lei forniti, formeranno oggetto di operazioni di trattamento nel rispetto della normativa sopracitata e degli obblighi di riservatezza cui \u00e8 ispirata l\u2019attivit\u00e0 del Titolare. I dati verranno trattati sia con strumenti informatici sia su supporti cartacei sia su ogni altro tipo di supporto idoneo (es. sistemi in cloud, sistemi di archiviazione e conservazione sostitutiva digitale, \u2026), nel rispetto di adeguate misure tecniche ed organizzative di sicurezza previste dal GDPR.<\/span><\/p>\n<p>&nbsp;<\/p>\n<p><b>CATEGORIE DI DATI:<\/b><\/p>\n<p><span style=\"font-weight: 400;\">oggetto del trattamento possono essere i suoi dati personali quali:<\/span><\/p>\n<ol>\n<li style=\"font-weight: 400;\" aria-level=\"1\"><span style=\"font-weight: 400;\">\u00a0<\/span><b><i>Dati di navigazione:<\/i><\/b> <span style=\"font-weight: 400;\">I sistemi informatici e le procedure preposte al funzionamento del sito acquisiscono, nel corso del loro normale esercizio, alcuni dati personali la cui trasmissione \u00e8 implicita nell&#8217;uso dei protocolli di comunicazione di Internet. Queste informazioni non sono raccolte per essere associate a interessati identificati, ma per loro stessa natura potrebbero, attraverso elaborazioni ed associazioni con dati detenuti da terzi, consentire di identificare gli utenti. In questa categoria di dati rientrano gli indirizzi IP o i nomi a dominio dei computer utilizzati dagli utenti che si connettono al sito, gli indirizzi in notazione URI (<\/span><i><span style=\"font-weight: 400;\">Uniform Resource Identifier<\/span><\/i><span style=\"font-weight: 400;\">) delle risorse richieste, l&#8217;orario della richiesta, il metodo utilizzato nel sottoporre la richiesta al server, la dimensione del file ottenuto in risposta, il codice numerico indicante lo stato della risposta data dal server (buon fine, errore, ecc.) ed altri parametri relativi al sistema operativo e all&#8217;ambiente informatico dell&#8217;utente. Questi dati vengono trattati al solo scopo di ottenere informazioni statistiche sull&#8217;uso del sito e per verificarne il corretto funzionamento.\u00a0<\/span><\/li>\n<li style=\"font-weight: 400;\" aria-level=\"1\"><span style=\"font-weight: 400;\">\u00a0<\/span><b><i>Dati forniti volontariamente dall\u2019 utente:<\/i><\/b> <span style=\"font-weight: 400;\">L\u2019invio facoltativo, esplicito e volontario di messaggi agli indirizzi di contatto di <\/span><b>EUROGAMES SRL<\/b><span style=\"font-weight: 400;\">, nonch\u00e9 la compilazione e l\u2019inoltro del modulo presente nella sezione <\/span><b>\u201cCONTATTI\u201d<\/b><span style=\"font-weight: 400;\"> comportano l\u2019acquisizione dei dati di contatto del mittente, necessari a rispondere alle richieste, nonch\u00e9 di tutti i dati personali inclusi nelle comunicazioni.<\/span><\/li>\n<\/ol>\n<p><span style=\"font-weight: 400;\">Nella sezione <\/span><b>\u201cCONTATTI\u201d<\/b><span style=\"font-weight: 400;\"> \u00e8 possibile leggere idonea informativa.<\/span><\/p>\n<ol>\n<li style=\"font-weight: 400;\" aria-level=\"1\"><b><i>Cookies:<\/i><\/b><span style=\"font-weight: 400;\"> Il sito utilizza cookie. Per maggiori informazioni \u00e8 disponibile una apposita<strong>\u00a0<\/strong><\/span><strong><a href=\"https:\/\/mondoprivacy.it\/cookie-policy-mondoprivacy\" target=\"_blank\" rel=\"noopener\">cookie policy<\/a><a href=\"https:\/\/mondoprivacy.it\/cookie-policy\/\">.<\/a><\/strong><\/li>\n<\/ol>\n<p>&nbsp;<\/p>\n<p><b>INTERAZIONE CON PAGINE SOCIAL:<\/b><\/p>\n<p><span style=\"font-weight: 400;\">Puoi trovarci nelle seguenti pagine Social, cliccando sul link troverai la loro privacy policy<\/span><\/p>\n<p><b>Facebook:\u00a0 <a href=\"https:\/\/www.facebook.com\/about\/privacy\/previous\" target=\"_blank\" rel=\"noopener\">https:\/\/www.facebook.com\/about\/privacy\/previous<\/a><\/b><\/p>\n<p><b>YouTube: <a href=\"https:\/\/www.youtube.com\/static?template=terms&amp;gl=IT\" target=\"_blank\" rel=\"noopener\">https:\/\/www.youtube.com\/static?template=terms&amp;gl=IT<\/a><\/b><\/p>\n<p>&nbsp;<\/p>\n<p><b>FONTE DEI DATI PERSONALI:<\/b><\/p>\n<p><span style=\"font-weight: 400;\">I dati personali in possesso del Titolare sono raccolti direttamente presso l\u2019interessato.<\/span><\/p>\n<p>&nbsp;<\/p>\n<p><b>FINALIT\u00c0 DI TRATTAMENTO DEI DATI E BASE GIURIDICA:<\/b><\/p>\n<p><span style=\"font-weight: 400;\">il trattamento dei Suoi dati ha come finalit\u00e0 e base giuridica:<\/span><\/p>\n<ol>\n<li style=\"font-weight: 400;\" aria-level=\"1\"><span style=\"font-weight: 400;\">Per i <\/span><b>dati di navigazione<\/b><span style=\"font-weight: 400;\">, la base giuridica \u00e8 il legittimo interesse del titolare e la finalit\u00e0 \u00e8 garantire e migliorare l\u2019esperienza di navigazione web.<\/span><\/li>\n<li style=\"font-weight: 400;\" aria-level=\"1\"><span style=\"font-weight: 400;\">Per i <\/span><b>dati forniti volontariamente dall\u2019utente<\/b><span style=\"font-weight: 400;\">, la base giuridica \u00e8 l\u2019ottemperamento agli obblighi di legge;<\/span><\/li>\n<li style=\"font-weight: 400;\" aria-level=\"1\"><span style=\"font-weight: 400;\">Per i <\/span><b>cookies<\/b><span style=\"font-weight: 400;\">: confronta la specifica<\/span><a href=\"https:\/\/mondoprivacy.it\/cookie-policy\/\"><span style=\"font-weight: 400;\">\u00a0<\/span><\/a><strong><a href=\"https:\/\/mondoprivacy.it\/cookie-policy-mondoprivacy\" target=\"_blank\" rel=\"noopener\">cookie policy.<\/a><\/strong><\/li>\n<\/ol>\n<p><b>COMUNICAZIONE DEI DATI:<\/b><\/p>\n<p><span style=\"font-weight: 400;\">Nei limiti pertinenti alle finalit\u00e0 di trattamento indicate, i Suoi dati potrebbero essere comunicati a soggetti nominati Responsabili dal Titolare del Trattamento (l\u2019elenco di tali soggetti pu\u00f2 essere richiesto al Titolare stesso). I dati personali raccolti sono altres\u00ec trattati dal personale di\u00a0<\/span><b>EUROGAMES SRL<\/b><span style=\"font-weight: 400;\">, che agisce sulla base di specifiche istruzioni fornite in ordine a trattamenti dati per determinati compiti e funzioni che richiedono la sottoscrizione di specifici obblighi di riservatezza. I Suoi dati non saranno in alcun modo oggetto di diffusione.\u00a0<\/span><\/p>\n<p>&nbsp;<\/p>\n<p><b>TRASFERIMENTO DEI DATI VERSO PAESI TERZI:<\/b><\/p>\n<p><span style=\"font-weight: 400;\">non \u00e8 previsto il trasferimento dei vostri dati verso un paese terzo.<\/span><\/p>\n<p>&nbsp;<\/p>\n<p><b>PERIODO DI CONSERVAZIONE:<\/b><\/p>\n<p><span style=\"font-weight: 400;\">in base al principio di limitazione della conservazione (art.5, GDPR), a verifica sulla obsolescenza dei dati conservati in relazione alle finalit\u00e0 per cui sono stati raccolti viene effettuata periodicamente. In particolare:<\/span><\/p>\n<ol>\n<li style=\"font-weight: 400;\" aria-level=\"1\"><span style=\"font-weight: 400;\">I <\/span><b>dati di navigazione<\/b><span style=\"font-weight: 400;\"> vengono trattati, per il tempo strettamente necessario, al solo fine di ricavare informazioni statistiche sull\u2019uso del sito e per controllarne il regolare funzionamento, anche a fini di sicurezza o in base alle scadenze previste dalle norme di legge.<\/span><\/li>\n<li style=\"font-weight: 400;\" aria-level=\"1\"><span style=\"font-weight: 400;\">I <\/span><b>dati forniti volontariamente dall\u2019utente<\/b><span style=\"font-weight: 400;\">\u00a0verranno conservati per un arco di tempo non superiore al conseguimento delle finalit\u00e0 per le quali sono trattati o in base alle scadenze previste dalle norme di legge.<\/span><\/li>\n<li style=\"font-weight: 400;\" aria-level=\"1\"><span style=\"font-weight: 400;\">I <\/span><b>dati raccolti tramite cookies<\/b><span style=\"font-weight: 400;\">: far riferimento alla specifica\u00a0<\/span><strong><a href=\"https:\/\/mondoprivacy.it\/cookie-policy-mondoprivacy\" target=\"_blank\" rel=\"noopener\">cookie policy<\/a><\/strong><\/li>\n<\/ol>\n<p><b>DIRITTI DELL\u2019INTERESSATO:<\/b><\/p>\n<p><span style=\"font-weight: 400;\">l\u2019interessato ha sempre diritto a richiedere al Titolare l\u2019accesso ai Suoi dati, la rettifica o la cancellazione degli stessi, la limitazione del trattamento o la possibilit\u00e0 di opporsi al trattamento, di richiedere la portabilit\u00e0 dei dati, di revocare il consenso al trattamento facendo valere questi e gli altri diritti previsti dal GDPR tramite semplice comunicazione al Titolare. L\u2018interessato pu\u00f2 proporre reclamo anche a un\u2019autorit\u00e0 di controllo.<\/span><\/p>\n<p>&nbsp;<\/p>\n<p><b>OBBLIGATORIETA\u2019 O MENO DEL CONFERIMENTO:<\/b><\/p>\n<p><span style=\"font-weight: 400;\">A parte quanto specificato per i dati di navigazione, l\u2019utente \u00e8 libero di fornire i dati personali riportati nei moduli di richiesta informazioni a \u201c<\/span><b>EUROGAMES SRL<\/b><span style=\"font-weight: 400;\">\u201d.<\/span><\/p>\n","protected":false},"excerpt":{"rendered":"<p>Gentile Utente, il Regolamento Europeo in materia di protezione dei dati personali (RGDP) all\u2019art 13, comma 1, impone l\u2019obbligo di informare l\u2019utente, in caso di raccolta diretta dei suoi dati, sugli elementi fondamentali del trattamento, specificandoli al \u00a7 1, lett. a\/f. Pertanto la si informa che: TITOLARE DEL TRATTAMENTO Titolare del trattamento \u00e8 EUROGAMES S.R.L., sita in Forl\u00ec Via Degli Scavi 41,\u00a0 PEC:\u00a0 info@pec.eurogames.it\u00a0 \u00a0EMAIL: info@eurogames.it TEL: 0543796665 &nbsp; MODALIT\u00c0 DI TRATTAMENTO DEI DATI: i dati personali da Lei forniti, formeranno oggetto di operazioni di trattamento nel rispetto della normativa sopracitata e degli obblighi di riservatezza cui \u00e8 ispirata l\u2019attivit\u00e0 &#8230;<\/p>\n","protected":false},"author":1,"featured_media":0,"parent":0,"menu_order":0,"comment_status":"closed","ping_status":"closed","template":"","meta":{"_acf_changed":false,"inline_featured_image":false,"footnotes":""},"class_list":["post-6067","page","type-page","status-publish","hentry"],"acf":[],"_links":{"self":[{"href":"https:\/\/eurogames.it\/it\/wp-json\/wp\/v2\/pages\/6067"}],"collection":[{"href":"https:\/\/eurogames.it\/it\/wp-json\/wp\/v2\/pages"}],"about":[{"href":"https:\/\/eurogames.it\/it\/wp-json\/wp\/v2\/types\/page"}],"author":[{"embeddable":true,"href":"https:\/\/eurogames.it\/it\/wp-json\/wp\/v2\/users\/1"}],"replies":[{"embeddable":true,"href":"https:\/\/eurogames.it\/it\/wp-json\/wp\/v2\/comments?post=6067"}],"version-history":[{"count":6,"href":"https:\/\/eurogames.it\/it\/wp-json\/wp\/v2\/pages\/6067\/revisions"}],"predecessor-version":[{"id":6078,"href":"https:\/\/eurogames.it\/it\/wp-json\/wp\/v2\/pages\/6067\/revisions\/6078"}],"wp:attachment":[{"href":"https:\/\/eurogames.it\/it\/wp-json\/wp\/v2\/media?parent=6067"}],"curies":[{"name":"wp","href":"https:\/\/api.w.org\/{rel}","templated":true}]}}