{"id":42308,"date":"2022-09-26T14:22:52","date_gmt":"2022-09-26T12:22:52","guid":{"rendered":"https:\/\/eurogames.it\/shop\/uncategorized\/ex1-6155n\/"},"modified":"2022-09-27T08:35:55","modified_gmt":"2022-09-27T06:35:55","slug":"ex1-6155n","status":"publish","type":"product","link":"https:\/\/eurogames.it\/fr\/shop\/spare-parts-fr\/ex1-6155n\/","title":{"rendered":"EX1-6155N"},"content":{"rendered":"<p>TIMER EG18 12V 1M<\/p>\n","protected":false},"excerpt":{"rendered":"<p>UNIT\u00c9 DE CONTR\u00d4LE NUM\u00c9RIQUE 12V 1M EG18<\/p>\n","protected":false},"featured_media":42303,"template":"","meta":{"_acf_changed":false,"inline_featured_image":false},"product_cat":[187],"product_tag":[],"class_list":{"0":"post-42308","1":"product","2":"type-product","3":"status-publish","4":"has-post-thumbnail","6":"product_cat-spare-parts-fr","8":"first","9":"instock","10":"taxable","11":"shipping-taxable","12":"purchasable","13":"product-type-simple"},"acf":[],"_links":{"self":[{"href":"https:\/\/eurogames.it\/fr\/wp-json\/wp\/v2\/product\/42308"}],"collection":[{"href":"https:\/\/eurogames.it\/fr\/wp-json\/wp\/v2\/product"}],"about":[{"href":"https:\/\/eurogames.it\/fr\/wp-json\/wp\/v2\/types\/product"}],"wp:featuredmedia":[{"embeddable":true,"href":"https:\/\/eurogames.it\/fr\/wp-json\/wp\/v2\/media\/42303"}],"wp:attachment":[{"href":"https:\/\/eurogames.it\/fr\/wp-json\/wp\/v2\/media?parent=42308"}],"wp:term":[{"taxonomy":"product_cat","embeddable":true,"href":"https:\/\/eurogames.it\/fr\/wp-json\/wp\/v2\/product_cat?post=42308"},{"taxonomy":"product_tag","embeddable":true,"href":"https:\/\/eurogames.it\/fr\/wp-json\/wp\/v2\/product_tag?post=42308"}],"curies":[{"name":"wp","href":"https:\/\/api.w.org\/{rel}","templated":true}]}}