{"id":17481,"date":"2022-01-05T13:26:54","date_gmt":"2022-01-05T12:26:54","guid":{"rendered":"https:\/\/eurogames.test\/shop\/senza-categoria\/sm0-6042-2\/"},"modified":"2022-01-05T13:26:55","modified_gmt":"2022-01-05T12:26:55","slug":"sm0-6042-2","status":"publish","type":"product","link":"https:\/\/eurogames.it\/fr\/shop\/spare-parts-fr\/sm0-6042-2\/","title":{"rendered":"SM0-6042"},"content":{"rendered":"<p>Gruppo pedale acceleratore Big\/MontBlanc Guida Sx<\/p>\n","protected":false},"excerpt":{"rendered":"<p>ENSEMBLE P\u00c9DALE ACC\u00c9L\u00c9RATEUR<\/p>\n","protected":false},"featured_media":0,"template":"","meta":{"_acf_changed":false,"inline_featured_image":false},"product_cat":[187],"product_tag":[],"class_list":{"0":"post-17481","1":"product","2":"type-product","3":"status-publish","5":"product_cat-spare-parts-fr","7":"first","8":"instock","9":"taxable","10":"shipping-taxable","11":"purchasable","12":"product-type-simple"},"acf":[],"_links":{"self":[{"href":"https:\/\/eurogames.it\/fr\/wp-json\/wp\/v2\/product\/17481"}],"collection":[{"href":"https:\/\/eurogames.it\/fr\/wp-json\/wp\/v2\/product"}],"about":[{"href":"https:\/\/eurogames.it\/fr\/wp-json\/wp\/v2\/types\/product"}],"wp:attachment":[{"href":"https:\/\/eurogames.it\/fr\/wp-json\/wp\/v2\/media?parent=17481"}],"wp:term":[{"taxonomy":"product_cat","embeddable":true,"href":"https:\/\/eurogames.it\/fr\/wp-json\/wp\/v2\/product_cat?post=17481"},{"taxonomy":"product_tag","embeddable":true,"href":"https:\/\/eurogames.it\/fr\/wp-json\/wp\/v2\/product_tag?post=17481"}],"curies":[{"name":"wp","href":"https:\/\/api.w.org\/{rel}","templated":true}]}}