{"id":14246,"date":"2022-01-05T13:13:39","date_gmt":"2022-01-05T12:13:39","guid":{"rendered":"https:\/\/eurogames.test\/shop\/senza-categoria\/m-sts001883-2\/"},"modified":"2022-01-05T13:13:39","modified_gmt":"2022-01-05T12:13:39","slug":"m-sts001883-2","status":"publish","type":"product","link":"https:\/\/eurogames.it\/fr\/shop\/spare-parts-fr\/m-sts001883-2\/","title":{"rendered":"M-STS001883"},"content":{"rendered":"<p>CASSETTA GETTONI TELAIO3R PICCOLO  MINI OFF ROAD<\/p>\n","protected":false},"excerpt":{"rendered":"<p>Bo\u00eete \u00c0 Jetons Ch\u00e2ssis 3 Roues<\/p>\n","protected":false},"featured_media":24554,"template":"","meta":{"_acf_changed":false,"inline_featured_image":false},"product_cat":[187],"product_tag":[],"class_list":{"0":"post-14246","1":"product","2":"type-product","3":"status-publish","4":"has-post-thumbnail","6":"product_cat-spare-parts-fr","8":"first","9":"instock","10":"taxable","11":"shipping-taxable","12":"purchasable","13":"product-type-simple"},"acf":[],"_links":{"self":[{"href":"https:\/\/eurogames.it\/fr\/wp-json\/wp\/v2\/product\/14246"}],"collection":[{"href":"https:\/\/eurogames.it\/fr\/wp-json\/wp\/v2\/product"}],"about":[{"href":"https:\/\/eurogames.it\/fr\/wp-json\/wp\/v2\/types\/product"}],"wp:featuredmedia":[{"embeddable":true,"href":"https:\/\/eurogames.it\/fr\/wp-json\/wp\/v2\/media\/24554"}],"wp:attachment":[{"href":"https:\/\/eurogames.it\/fr\/wp-json\/wp\/v2\/media?parent=14246"}],"wp:term":[{"taxonomy":"product_cat","embeddable":true,"href":"https:\/\/eurogames.it\/fr\/wp-json\/wp\/v2\/product_cat?post=14246"},{"taxonomy":"product_tag","embeddable":true,"href":"https:\/\/eurogames.it\/fr\/wp-json\/wp\/v2\/product_tag?post=14246"}],"curies":[{"name":"wp","href":"https:\/\/api.w.org\/{rel}","templated":true}]}}