{"id":17272,"date":"2022-01-05T13:26:15","date_gmt":"2022-01-05T12:26:15","guid":{"rendered":"https:\/\/eurogames.test\/shop\/senza-categoria\/6137-2\/"},"modified":"2022-01-05T13:26:15","modified_gmt":"2022-01-05T12:26:15","slug":"6137-2","status":"publish","type":"product","link":"https:\/\/eurogames.it\/es\/shop\/spare-parts-es\/6137-2\/","title":{"rendered":"6137"},"content":{"rendered":"<p>PIGNONE PER SCATOLA STERZO<\/p>\n","protected":false},"excerpt":{"rendered":"<p>PI\u00d1\u00d3N PARA CAJA DE DIRECCI\u00d3N<\/p>\n","protected":false},"featured_media":0,"template":"","meta":{"_acf_changed":false,"inline_featured_image":false},"product_cat":[221],"product_tag":[],"class_list":{"0":"post-17272","1":"product","2":"type-product","3":"status-publish","5":"product_cat-spare-parts-es","7":"first","8":"instock","9":"taxable","10":"shipping-taxable","11":"purchasable","12":"product-type-simple"},"acf":[],"_links":{"self":[{"href":"https:\/\/eurogames.it\/es\/wp-json\/wp\/v2\/product\/17272"}],"collection":[{"href":"https:\/\/eurogames.it\/es\/wp-json\/wp\/v2\/product"}],"about":[{"href":"https:\/\/eurogames.it\/es\/wp-json\/wp\/v2\/types\/product"}],"wp:attachment":[{"href":"https:\/\/eurogames.it\/es\/wp-json\/wp\/v2\/media?parent=17272"}],"wp:term":[{"taxonomy":"product_cat","embeddable":true,"href":"https:\/\/eurogames.it\/es\/wp-json\/wp\/v2\/product_cat?post=17272"},{"taxonomy":"product_tag","embeddable":true,"href":"https:\/\/eurogames.it\/es\/wp-json\/wp\/v2\/product_tag?post=17272"}],"curies":[{"name":"wp","href":"https:\/\/api.w.org\/{rel}","templated":true}]}}