{"id":16252,"date":"2022-01-05T13:22:42","date_gmt":"2022-01-05T12:22:42","guid":{"rendered":"https:\/\/eurogames.test\/shop\/senza-categoria\/sx0-3306-2\/"},"modified":"2022-01-05T13:22:42","modified_gmt":"2022-01-05T12:22:42","slug":"sx0-3306-2","status":"publish","type":"product","link":"https:\/\/eurogames.it\/es\/shop\/spare-parts-es\/sx0-3306-2\/","title":{"rendered":"SX0-3306"},"content":{"rendered":"<p>PULSANTE CANNONE BUMPERBOAT<\/p>\n","protected":false},"excerpt":{"rendered":"<p>Bot\u00f3n Para Ca\u00f1\u00f3n Bumper Boat<\/p>\n","protected":false},"featured_media":44670,"template":"","meta":{"_acf_changed":false,"inline_featured_image":false},"product_cat":[221],"product_tag":[],"class_list":{"0":"post-16252","1":"product","2":"type-product","3":"status-publish","4":"has-post-thumbnail","6":"product_cat-spare-parts-es","8":"first","9":"instock","10":"taxable","11":"shipping-taxable","12":"purchasable","13":"product-type-simple"},"acf":[],"_links":{"self":[{"href":"https:\/\/eurogames.it\/es\/wp-json\/wp\/v2\/product\/16252"}],"collection":[{"href":"https:\/\/eurogames.it\/es\/wp-json\/wp\/v2\/product"}],"about":[{"href":"https:\/\/eurogames.it\/es\/wp-json\/wp\/v2\/types\/product"}],"wp:featuredmedia":[{"embeddable":true,"href":"https:\/\/eurogames.it\/es\/wp-json\/wp\/v2\/media\/44670"}],"wp:attachment":[{"href":"https:\/\/eurogames.it\/es\/wp-json\/wp\/v2\/media?parent=16252"}],"wp:term":[{"taxonomy":"product_cat","embeddable":true,"href":"https:\/\/eurogames.it\/es\/wp-json\/wp\/v2\/product_cat?post=16252"},{"taxonomy":"product_tag","embeddable":true,"href":"https:\/\/eurogames.it\/es\/wp-json\/wp\/v2\/product_tag?post=16252"}],"curies":[{"name":"wp","href":"https:\/\/api.w.org\/{rel}","templated":true}]}}