{"id":16128,"date":"2022-01-05T13:22:24","date_gmt":"2022-01-05T12:22:24","guid":{"rendered":"https:\/\/eurogames.test\/shop\/senza-categoria\/0264-2\/"},"modified":"2022-01-05T13:22:24","modified_gmt":"2022-01-05T12:22:24","slug":"0264-2","status":"publish","type":"product","link":"https:\/\/eurogames.it\/de\/shop\/spare-parts-de\/0264-2\/","title":{"rendered":"0264"},"content":{"rendered":"<p>CASSETTA GETTONI PER SPORT.GETT.M48<\/p>\n","protected":false},"excerpt":{"rendered":"<p>M\u00fcnzbeh\u00e4lter F\u00fcr M48 M\u00fcnzpr\u00fcfer Klappe<\/p>\n","protected":false},"featured_media":0,"template":"","meta":{"_acf_changed":false,"inline_featured_image":false},"product_cat":[266],"product_tag":[],"class_list":{"0":"post-16128","1":"product","2":"type-product","3":"status-publish","5":"product_cat-spare-parts-de","7":"first","8":"instock","9":"taxable","10":"shipping-taxable","11":"purchasable","12":"product-type-simple"},"acf":[],"_links":{"self":[{"href":"https:\/\/eurogames.it\/de\/wp-json\/wp\/v2\/product\/16128"}],"collection":[{"href":"https:\/\/eurogames.it\/de\/wp-json\/wp\/v2\/product"}],"about":[{"href":"https:\/\/eurogames.it\/de\/wp-json\/wp\/v2\/types\/product"}],"wp:attachment":[{"href":"https:\/\/eurogames.it\/de\/wp-json\/wp\/v2\/media?parent=16128"}],"wp:term":[{"taxonomy":"product_cat","embeddable":true,"href":"https:\/\/eurogames.it\/de\/wp-json\/wp\/v2\/product_cat?post=16128"},{"taxonomy":"product_tag","embeddable":true,"href":"https:\/\/eurogames.it\/de\/wp-json\/wp\/v2\/product_tag?post=16128"}],"curies":[{"name":"wp","href":"https:\/\/api.w.org\/{rel}","templated":true}]}}