{"id":15333,"date":"2022-01-05T13:17:28","date_gmt":"2022-01-05T12:17:28","guid":{"rendered":"https:\/\/eurogames.test\/shop\/senza-categoria\/st0-5954-2\/"},"modified":"2022-01-05T13:17:28","modified_gmt":"2022-01-05T12:17:28","slug":"st0-5954-2","status":"publish","type":"product","link":"https:\/\/eurogames.it\/de\/shop\/spare-parts-de\/st0-5954-2\/","title":{"rendered":"ST0-5954"},"content":{"rendered":"<p>CASSETTA GETTONI PER SPORT.GETT.M48 (accorciata)<\/p>\n","protected":false},"excerpt":{"rendered":"<p>M\u00fcnzbeh\u00e4lter F\u00fcr M48 M\u00fcnzpr\u00fcfer Klappe<\/p>\n","protected":false},"featured_media":0,"template":"","meta":{"_acf_changed":false,"inline_featured_image":false},"product_cat":[266],"product_tag":[],"class_list":{"0":"post-15333","1":"product","2":"type-product","3":"status-publish","5":"product_cat-spare-parts-de","7":"first","8":"instock","9":"taxable","10":"shipping-taxable","11":"purchasable","12":"product-type-simple"},"acf":[],"_links":{"self":[{"href":"https:\/\/eurogames.it\/de\/wp-json\/wp\/v2\/product\/15333"}],"collection":[{"href":"https:\/\/eurogames.it\/de\/wp-json\/wp\/v2\/product"}],"about":[{"href":"https:\/\/eurogames.it\/de\/wp-json\/wp\/v2\/types\/product"}],"wp:attachment":[{"href":"https:\/\/eurogames.it\/de\/wp-json\/wp\/v2\/media?parent=15333"}],"wp:term":[{"taxonomy":"product_cat","embeddable":true,"href":"https:\/\/eurogames.it\/de\/wp-json\/wp\/v2\/product_cat?post=15333"},{"taxonomy":"product_tag","embeddable":true,"href":"https:\/\/eurogames.it\/de\/wp-json\/wp\/v2\/product_tag?post=15333"}],"curies":[{"name":"wp","href":"https:\/\/api.w.org\/{rel}","templated":true}]}}