{"id":13568,"date":"2022-01-05T13:12:07","date_gmt":"2022-01-05T12:12:07","guid":{"rendered":"https:\/\/eurogames.test\/shop\/senza-categoria\/ei0-2750-2\/"},"modified":"2022-01-05T13:12:07","modified_gmt":"2022-01-05T12:12:07","slug":"ei0-2750-2","status":"publish","type":"product","link":"https:\/\/eurogames.it\/de\/shop\/spare-parts-de\/ei0-2750-2\/","title":{"rendered":"EI0-2750"},"content":{"rendered":"<p>MICROSWITCH GETTONIERA mod.Crouzet<\/p>\n","protected":false},"excerpt":{"rendered":"<p>Mikroschalter F\u00fcr M\u00fcnzpr\u00fcfer<\/p>\n","protected":false},"featured_media":24904,"template":"","meta":{"_acf_changed":false,"inline_featured_image":false},"product_cat":[266],"product_tag":[],"class_list":{"0":"post-13568","1":"product","2":"type-product","3":"status-publish","4":"has-post-thumbnail","6":"product_cat-spare-parts-de","8":"first","9":"instock","10":"taxable","11":"shipping-taxable","12":"purchasable","13":"product-type-simple"},"acf":[],"_links":{"self":[{"href":"https:\/\/eurogames.it\/de\/wp-json\/wp\/v2\/product\/13568"}],"collection":[{"href":"https:\/\/eurogames.it\/de\/wp-json\/wp\/v2\/product"}],"about":[{"href":"https:\/\/eurogames.it\/de\/wp-json\/wp\/v2\/types\/product"}],"wp:featuredmedia":[{"embeddable":true,"href":"https:\/\/eurogames.it\/de\/wp-json\/wp\/v2\/media\/24904"}],"wp:attachment":[{"href":"https:\/\/eurogames.it\/de\/wp-json\/wp\/v2\/media?parent=13568"}],"wp:term":[{"taxonomy":"product_cat","embeddable":true,"href":"https:\/\/eurogames.it\/de\/wp-json\/wp\/v2\/product_cat?post=13568"},{"taxonomy":"product_tag","embeddable":true,"href":"https:\/\/eurogames.it\/de\/wp-json\/wp\/v2\/product_tag?post=13568"}],"curies":[{"name":"wp","href":"https:\/\/api.w.org\/{rel}","templated":true}]}}